{"id":2229,"date":"2023-09-07T15:08:06","date_gmt":"2023-09-07T13:08:06","guid":{"rendered":"https:\/\/cnofrance.org\/?page_id=2229"},"modified":"2024-03-31T08:19:50","modified_gmt":"2024-03-31T06:19:50","slug":"acheter-cialis-generique-sans-ordonnance-pharmacie","status":"publish","type":"page","link":"https:\/\/cnofrance.org\/acheter-cialis-generique-sans-ordonnance-pharmacie\/","title":{"rendered":"acheter cialis g\u00e9n\u00e9rique\u00a0sans ordonnance\ufffc\ufffc"},"content":{"rendered":"\t\t<div data-elementor-type=\"wp-page\" data-elementor-id=\"2229\" class=\"elementor elementor-2229\">\n\t\t\t\t\t\t<section class=\"elementor-section elementor-top-section elementor-element elementor-element-14ef3438 elementor-section-boxed elementor-section-height-default elementor-section-height-default\" data-id=\"14ef3438\" data-element_type=\"section\">\n\t\t\t\t\t\t<div class=\"elementor-container elementor-column-gap-default\">\n\t\t\t\t\t<div class=\"elementor-column elementor-col-100 elementor-top-column elementor-element elementor-element-48b9892b\" data-id=\"48b9892b\" data-element_type=\"column\">\n\t\t\t<div class=\"elementor-widget-wrap elementor-element-populated\">\n\t\t\t\t\t\t<div class=\"elementor-element elementor-element-3024dc45 elementor-widget elementor-widget-text-editor\" data-id=\"3024dc45\" data-element_type=\"widget\" data-widget_type=\"text-editor.default\">\n\t\t\t\t<div class=\"elementor-widget-container\">\n\t\t\t\t\t\t\t<p><!-- wp:heading {\"level\":1} --><\/p>\n<h1>Acheter du Cialis G\u00e9n\u00e9rique sans ordonnance en ligne<\/h1>\n<p><!-- \/wp:heading --><!-- wp:html --><\/p>\n<p><img fetchpriority=\"high\" style=\"display: block; margin-left: auto; margin-right: auto;\" src=\"https:\/\/pilule-sansordonnance.com\/wp-content\/uploads\/2023\/12\/cialis-10mg.png\" alt=\"o\u00f9 acheter du cialis en france sans ordonnance\" width=\"355\" height=\"263\"><\/p>\n<p><!-- \/wp:html --><!-- wp:html --><\/p>\n<table style=\"height: 126px; width: 90%; border-collapse: collapse; margin-left: auto; margin-right: auto;\" border=\"1\">\n<tbody>\n<tr style=\"height: 36px;\">\n<td style=\"width: 50%; height: 36px; text-align: center;\"><strong>Cialis (tadalafil)<\/strong><\/td>\n<td style=\"width: 50%; height: 36px; text-align: center;\">traitement des troubles de l\u2019\u00e9rection<\/td>\n<\/tr>\n<tr style=\"height: 18px;\">\n<td style=\"width: 50%; height: 18px; text-align: center;\"><strong>Rapidit\u00e9 d\u2019action<\/strong><\/td>\n<td style=\"width: 50%; height: 18px; text-align: center;\">Environ 30-60 minutes<\/td>\n<\/tr>\n<tr style=\"height: 18px;\">\n<td style=\"width: 50%; height: 18px; text-align: center;\"><strong>Dur\u00e9e des effets<\/strong><\/td>\n<td style=\"width: 50%; height: 18px; text-align: center;\">jusqu&rsquo;\u00e0 36 heures<\/td>\n<\/tr>\n<tr style=\"height: 18px;\">\n<td style=\"width: 50%; height: 18px; text-align: center;\"><strong>Dosages disponibles<\/strong><\/td>\n<td style=\"width: 50%; height: 18px; text-align: center;\">5 mg, 10 mg, 20 mg et 40 mg<\/td>\n<\/tr>\n<tr style=\"height: 18px;\">\n<td style=\"width: 50%; height: 18px; text-align: center;\"><strong>Prix moyen par comprim\u00e9<\/strong><\/td>\n<td style=\"width: 50%; height: 18px; text-align: center;\">Entre 3\u20ac et 10\u20ac (comprim\u00e9 de 20 mg)<\/td>\n<\/tr>\n<tr style=\"height: 38px;\">\n<td style=\"text-align: center;\" colspan=\"2; text-align: center;\">\n<h4><strong><span style=\"background-color: #008000; color: #ffffff;\"><a href=\"https:\/\/online-pills-24h.com\/categories\/Bestsellers\/Cialis?language=fr\" target=\"_blank\" rel=\"noopener\">ACHETER CIALIS EN LIGNE<\/a><\/span><\/strong><\/h4>\n<\/td>\n<\/tr>\n<\/tbody>\n<\/table>\n<p><!-- \/wp:html --><!-- wp:paragraph --><\/p>\n<p>Cialis est un m\u00e9dicament qui contient le principe actif tadalafil. Il est disponible sous forme de comprim\u00e9s (2,5, 5, 10, 20 mg et 40 mg).<\/p>\n<p><!-- \/wp:paragraph --><!-- wp:paragraph --><\/p>\n<p>Cialis est utilis\u00e9 pour traiter la dysfonction \u00e9rectile chez les hommes adultes. Il s\u2019agit de l\u2019incapacit\u00e9 d\u2019obtenir ou de maintenir un p\u00e9nis en \u00e9rection (\u00e9rection) suffisant pour permettre une activit\u00e9 sexuelle satisfaisante. La stimulation sexuelle est n\u00e9cessaire pour que Cialis soit efficace dans cette condition. Cialis peut \u00e9galement \u00eatre utilis\u00e9 chez les hommes pour traiter les premiers signes ou sympt\u00f4mes de l\u2019hyperplasie b\u00e9nigne de la prostate, une hypertrophie b\u00e9nigne de la prostate associ\u00e9e \u00e0 des probl\u00e8mes urinaires.<\/p>\n<p><!-- \/wp:paragraph --><!-- wp:paragraph --><\/p>\n<p>Le nombre d\u2019hommes souhaitant acheter du Cialis sans ordonnance en France augmente chaque jour. Le Cialis (Tadalafil) a \u00e9t\u00e9 d\u00e9velopp\u00e9 plus tard que le Viagra, mais ce m\u00e9dicament a rapidement gagn\u00e9 en popularit\u00e9 aupr\u00e8s des patients souffrant de dysfonction \u00e9rectile. C&rsquo;est le seul m\u00e9dicament qui commence \u00e0 agir 30 minutes apr\u00e8s sa prise, et son effet dure jusqu&rsquo;\u00e0 36 heures ! Pour des relations sexuelles passionn\u00e9es il est possible d&rsquo;acheter du Cialis en ligne en France et en Belgique.<\/p>\n<p><!-- \/wp:paragraph --><!-- wp:heading --><\/p>\n<h2>Avantages du Cialis<\/h2>\n<p><!-- \/wp:heading --><!-- wp:list --><\/p>\n<ul>\n<li>r\u00e9activation de l&rsquo;\u00e9rection pendant 36 heures<\/li>\n<li>Il est compatible avec l&rsquo;alcool et les aliments gras<\/li>\n<li>a un effet sur les diab\u00e9tiques<\/li>\n<li>une forte \u00e9rection du d\u00e9but \u00e0 la fin des rapports sexuels<\/li>\n<li>commence \u00e0 agir 30 minutes apr\u00e8s l&rsquo;ingestion<\/li>\n<\/ul>\n<p><!-- \/wp:list --><!-- wp:paragraph --><\/p>\n<p>Heureusement, vous pouvez aujourd&rsquo;hui acheter du Cialis g\u00e9n\u00e9rique au meilleur prix et le faire livrer \u00e0 votre domicile, sans avoir \u00e0 prendre un rendez-vous compliqu\u00e9 chez le m\u00e9decin. Le Cialis est un m\u00e9dicament contre la dysfonction \u00e9rectile rapide et efficace qui pr\u00e9pare un homme \u00e0 l&rsquo;activit\u00e9 sexuelle en seulement 30 minutes. Prenez un comprim\u00e9 de Cialis 10 ou 20 mg pour obtenir une forte \u00e9rection au bon moment. Le Cialis sera efficace pendant les prochaines 36 heures, vous aurez donc tout le temps de vous amuser en faisant l&rsquo;amour.<\/p>\n<p><!-- \/wp:paragraph --><!-- wp:heading --><\/p>\n<h2>Comment fonctionne le Cialis ?<\/h2>\n<p><!-- \/wp:heading --><!-- wp:paragraph --><\/p>\n<p>L&rsquo;ingr\u00e9dient actif du m\u00e9dicament destin\u00e9 \u00e0 am\u00e9liorer la puissance est le tadalafil. L\u2019effet du Cialis est similaire \u00e0 celui du Viagra : il augmente le flux sanguin vers le p\u00e9nis. Cela favorise une \u00e9rection persistante et forte pendant longtemps pour cr\u00e9er une relation sexuelle de qualit\u00e9. Le Cialis peut agir pendant 36 heures, vous ne pouvez pas le prendre plus d&rsquo;une fois jusqu&rsquo;\u00e0 24 heures. Si vous \u00eates hypersensible au tadalafil, nous vous recommandons de faire attention au Viagra. Vous pouvez <a href=\"\/achat-viagra-sans-ordonnance-en-pharmacie\/\">acheter du Viagra sans ordonnance<\/a> en ligne.<\/p>\n<p><!-- \/wp:paragraph --><!-- wp:heading --><\/p>\n<h2>Acheter du Cialis dans une pharmacie en ligne : s\u00fbr et rapide<\/h2>\n<p><!-- \/wp:heading --><!-- wp:paragraph --><\/p>\n<p>Le Cialis g\u00e9n\u00e9rique est bio\u00e9quivalent au m\u00e9dicament Cialis Original par toutes ses caract\u00e9ristiques. L&rsquo;action du Cialis g\u00e9n\u00e9rique commence 30 minutes apr\u00e8s l&rsquo;administration et a une dur\u00e9e record de 36 heures. D\u00e9sormais, vous n&rsquo;avez plus besoin de calculer \u00e0 quelle heure prendre le m\u00e9dicament, vous \u00eates toujours pr\u00eat \u00e0 avoir des relations sexuelles !<\/p>\n<p><!-- \/wp:paragraph --><!-- wp:paragraph --><\/p>\n<p>Vous pouvez acheter du Cialis g\u00e9n\u00e9rique en ligne, alliant qualit\u00e9 et efficacit\u00e9 en France et en Belgique, sans payer de suppl\u00e9ment pour la marque.<\/p>\n<p><!-- \/wp:paragraph --><!-- wp:heading --><\/p>\n<h2>Quel est le prix du Cialis g\u00e9n\u00e9rique ?<\/h2>\n<p><!-- \/wp:heading --><!-- wp:paragraph --><\/p>\n<p>Une question que beaucoup d\u2019hommes se posent est de savoir quel est le prix du Cialis. Si vous effectuez une recherche en ligne, vous verrez de nombreux prix diff\u00e9rents pour la pilule d\u2019\u00e9rection Cialis. Le prix dans une pharmacie certifi\u00e9e europ\u00e9enne est compris entre 4 et 30 \u20ac. Vous recherchez le bon fournisseur o\u00f9 vous pouvez payer avec iDeal&nbsp;? Vous pouvez acheter du Cialis en ligne en toute s\u00e9curit\u00e9 en France ou en Belgique via notre pharmacie. Ci-dessous vous trouverez le prix du Cialis :<\/p>\n<p><!-- \/wp:paragraph --><!-- wp:list --><\/p>\n<ul>\n<li>5 milligrammes avec bo\u00eete de 10 comprim\u00e9s : 27,99 \u20ac<\/li>\n<li>5 milligrammes avec bo\u00eete de 34 comprim\u00e9s : 51,01 \u20ac<\/li>\n<li>10 milligrammes avec bo\u00eete de 10 comprim\u00e9s : 29,91 \u20ac<\/li>\n<li>10 milligrammes avec bo\u00eete de 34 comprim\u00e9s : 60,30 \u20ac<\/li>\n<li>20 milligrammes avec bo\u00eete de 10 comprim\u00e9s : 29,99 \u20ac<\/li>\n<li>20 milligrammes avec bo\u00eete de 34 comprim\u00e9s : 64,81 \u20ac<\/li>\n<li>40 milligrammes avec bo\u00eete de 10 comprim\u00e9s : 35,99 \u20ac<\/li>\n<li>40 milligrammes avec bo\u00eete de 34 comprim\u00e9s : 71,40 \u20ac<\/li>\n<\/ul>\n<p><!-- \/wp:list --><!-- wp:paragraph --><\/p>\n<p>Bien entendu, vous pouvez \u00e9galement acheter des packs contenant plus de comprim\u00e9s et obtenir un meilleur prix.<\/p>\n<p><!-- \/wp:paragraph --><!-- wp:heading --><\/p>\n<h2>Comment prendre Cialis<\/h2>\n<p><!-- \/wp:heading --><!-- wp:paragraph --><\/p>\n<p>Cialis (tadalafil) est prescrit aux hommes de plus de 18 ans pour le traitement de la dysfonction \u00e9rectile. Prenez un comprim\u00e9 avec de l&rsquo;eau 30 minutes avant le rapport sexuel pr\u00e9vu. Aucune s\u00e9lection de dose particuli\u00e8re n&rsquo;est requise pour les patients d&rsquo;\u00e2ge moyen et \u00e2g\u00e9s. Il est conseill\u00e9 de prendre du tadalafil 20 mg (1 comprim\u00e9 de 20 mg ou un demi-comprim\u00e9 de 40 mg) ; c&rsquo;est la dose quotidienne maximale. Vous pouvez prendre le m\u00e9dicament avec de la nourriture.<\/p>\n<p><!-- \/wp:paragraph --><!-- wp:heading {\"level\":3} --><\/p>\n<h3>Quelle est l\u2019efficacit\u00e9 du Cialis ?<\/h3>\n<p><!-- \/wp:heading --><!-- wp:paragraph --><\/p>\n<p>Des \u00e9tudes cliniques montrent que 88 % des hommes obtiennent une \u00e9rection en 30 minutes ou moins. Le Cialis am\u00e9liore la fonction \u00e9rectile chez la plupart des hommes, y compris ceux ayant de graves probl\u00e8mes d&rsquo;\u00e9rection.<\/p>\n<p><!-- \/wp:paragraph --><!-- wp:heading {\"level\":3} --><\/p>\n<h3>Le m\u00e9dicament peut-il traiter la dysfonction \u00e9rectile ?<\/h3>\n<p><!-- \/wp:heading --><!-- wp:paragraph --><\/p>\n<p>Le Cialis n&rsquo;est pas un m\u00e9dicament destin\u00e9 au traitement de l&rsquo;impuissance. Il restaure uniquement la fonction \u00e9rectile et permet les rapports sexuels pendant la p\u00e9riode d&rsquo;action. Pour acheter du Cialis, il existe essentiellement deux options : les pharmacies locales et les cliniques de sant\u00e9 en ligne.<\/p>\n<p><!-- \/wp:paragraph --><!-- wp:heading {\"level\":3} --><\/p>\n<h3>Cialis et alcool<\/h3>\n<p><!-- \/wp:heading --><!-- wp:paragraph --><\/p>\n<p>N&rsquo;abusez pas de l&rsquo;alcool pendant que vous prenez du Cialis, cela peut provoquer certains effets secondaires : \u00e9tourdissements, tachycardie et hypotension art\u00e9rielle.<\/p>\n<p><!-- \/wp:paragraph --><!-- wp:heading {\"level\":3} --><\/p>\n<h3>Interaction avec d&rsquo;autres m\u00e9dicaments<\/h3>\n<p><!-- \/wp:heading --><!-- wp:paragraph --><\/p>\n<p>Au cours des essais cliniques, aucune interaction significative avec d&rsquo;autres m\u00e9dicaments n&rsquo;a \u00e9t\u00e9 constat\u00e9e ou son absence totale a \u00e9t\u00e9 confirm\u00e9e. Toutefois, les nitrates, qui sont principalement utilis\u00e9s dans le traitement des maladies cardiaques, font exception \u00e0 cette r\u00e8gle. Cialis est contre-indiqu\u00e9 chez les patients recevant un traitement aux nitrates.<\/p>\n<p><!-- \/wp:paragraph --><!-- wp:heading {\"level\":3} --><\/p>\n<h3>Contre-indications<\/h3>\n<p><!-- \/wp:heading --><!-- wp:paragraph --><\/p>\n<p>Le tadalafil est contre-indiqu\u00e9 chez les hommes pr\u00e9sentant une intol\u00e9rance \u00e0 l\u2019un des composants de la formulation m\u00e9dicamenteuse. Le m\u00e9dicament ne peut pas \u00eatre utilis\u00e9 en association avec des nitrates organiques (groupe d&rsquo;agents cardiovasculaires). Parlez \u00e0 un m\u00e9decin avant d&rsquo;acheter du Cialis sans ordonnance en France.<\/p>\n<p><!-- \/wp:paragraph --><!-- wp:paragraph --><\/p>\n<p>Ce m\u00e9dicament est strictement interdit aux personnes de moins de 18 ans.<\/p>\n<p><!-- \/wp:paragraph --><!-- wp:paragraph --><\/p>\n<p>Les patients atteints de maladies graves des syst\u00e8mes cardiovasculaire, urinaire et digestif doivent \u00eatre extr\u00eamement prudents lors de l&rsquo;administration de ce m\u00e9dicament.<\/p>\n<p><!-- \/wp:paragraph --><!-- wp:heading {\"level\":3} --><\/p>\n<h3>Effets ind\u00e9sirables<\/h3>\n<p><!-- \/wp:heading --><!-- wp:paragraph --><\/p>\n<p>Le risque d\u2019effets secondaires li\u00e9s \u00e0 la prise du m\u00e9dicament est tr\u00e8s faible. 1 \u00e0 10&nbsp;% des hommes qui consomment ce m\u00e9dicament peuvent ressentir&nbsp;:<\/p>\n<p><!-- \/wp:paragraph --><!-- wp:list --><\/p>\n<ul>\n<li>l\u00e9ger mal de t\u00eate<\/li>\n<li>mal au dos<\/li>\n<li>dyspepsie<\/li>\n<li>nez bouch\u00e9 et rougeur du visage, dus \u00e0 une augmentation du flux sanguin<\/li>\n<\/ul>\n<p><!-- \/wp:list --><!-- wp:heading {\"level\":3} --><\/p>\n<h3>Cialis g\u00e9n\u00e9rique ou original \u2013 quel est le meilleur ?<\/h3>\n<p><!-- \/wp:heading --><!-- wp:paragraph --><\/p>\n<p>Remarquerez-vous une diff\u00e9rence significative si vous achetez du Cialis g\u00e9n\u00e9rique au lieu de l\u2019original ? C&rsquo;est absolument impossible.<\/p>\n<p><!-- \/wp:paragraph --><!-- wp:paragraph --><\/p>\n<p>Le g\u00e9n\u00e9rique est compl\u00e8tement identique au m\u00e9dicament de marque en raison de la composition du m\u00e9dicament, de sa qualit\u00e9 et de son m\u00e9canisme d\u2019action. La seule diff\u00e9rence est un prix inf\u00e9rieur. Les grandes soci\u00e9t\u00e9s pharmaceutiques d\u00e9pensent beaucoup d\u2019argent pour le d\u00e9veloppement de la formule des principes actifs, la recherche, la publicit\u00e9 et le marketing. Les entreprises brevetent leur production et personne d\u2019autre n\u2019a le droit de produire des m\u00e9dicaments portant le m\u00eame nom. Vous pouvez acheter du Cialis g\u00e9n\u00e9rique sans ordonnance dans n\u2019importe quelle pharmacie de la ville.<\/p>\n<p><!-- \/wp:paragraph --><!-- wp:paragraph --><\/p>\n<p>Les m\u00e9dicaments g\u00e9n\u00e9riques sont disponibles sous un nom diff\u00e9rent mais sont produits avec la m\u00eame formule chimique.<\/p>\n<p><!-- \/wp:paragraph --><!-- wp:html --><\/p>\n<table style=\"height: 126px; width: 90%; border-collapse: collapse; margin-left: auto; margin-right: auto;\" border=\"1\">\n<tbody>\n<tr style=\"height: 36px;\">\n<td style=\"width: 50%; height: 36px; text-align: center;\"><strong>Cialis (tadalafil)<\/strong><\/td>\n<td style=\"width: 50%; height: 36px; text-align: center;\">traitement des troubles de l\u2019\u00e9rection<\/td>\n<\/tr>\n<tr style=\"height: 18px;\">\n<td style=\"width: 50%; height: 18px; text-align: center;\"><strong>Rapidit\u00e9 d\u2019action<\/strong><\/td>\n<td style=\"width: 50%; height: 18px; text-align: center;\">Environ 30-60 minutes<\/td>\n<\/tr>\n<tr style=\"height: 18px;\">\n<td style=\"width: 50%; height: 18px; text-align: center;\"><strong>Dur\u00e9e des effets<\/strong><\/td>\n<td style=\"width: 50%; height: 18px; text-align: center;\">jusqu&rsquo;\u00e0 36 heures<\/td>\n<\/tr>\n<tr style=\"height: 18px;\">\n<td style=\"width: 50%; height: 18px; text-align: center;\"><strong>Dosages disponibles<\/strong><\/td>\n<td style=\"width: 50%; height: 18px; text-align: center;\">5 mg, 10 mg, 20 mg et 40 mg<\/td>\n<\/tr>\n<tr style=\"height: 18px;\">\n<td style=\"width: 50%; height: 18px; text-align: center;\"><strong>Prix moyen par comprim\u00e9<\/strong><\/td>\n<td style=\"width: 50%; height: 18px; text-align: center;\">Entre 3\u20ac et 10\u20ac (comprim\u00e9 de 20 mg)<\/td>\n<\/tr>\n<tr style=\"height: 38px;\">\n<td style=\"text-align: center;\" colspan=\"2; text-align: center;\">\n<h4><a href=\"https:\/\/pharmaciedirect24.com\/acheter-cialis-generique-sans-ordonnance-france\" target=\"_blank\" rel=\"noopener\"><strong><span style=\"background-color: #008000; color: #ffffff;\">ACHETER CIALIS EN LIGNE<\/span><\/strong><\/a><\/h4>\n<\/td>\n<\/tr>\n<\/tbody>\n<\/table>\n<p><!-- \/wp:html --><!-- wp:heading {\"level\":3} --><\/p>\n<h3>Est-il s\u00e9curitaire d\u2019acheter du Cialis en ligne ?<\/h3>\n<p><!-- \/wp:heading --><!-- wp:paragraph --><\/p>\n<p>Il est g\u00e9n\u00e9ralement s\u00e9curitaire d\u2019acheter des m\u00e9dicaments en ligne. Mais dans de rares cas, vous pourriez devenir victime d\u2019escrocs. M\u00eame si les arnaques sont toujours \u00e9videntes : leurs serveurs de paiement ne sont pas prot\u00e9g\u00e9s, ils ne disposent pas de suffisamment d&rsquo;informations sur leur produit, ils n&rsquo;ont pas de service client et les informations sont disponibles sous une forme mal \u00e9crite. Pour des raisons de s\u00e9curit\u00e9, nous vous recommandons d&rsquo;utiliser la liste des pharmacies de confiance. Vous pouvez acheter du Cialis en ligne en toute s\u00e9curit\u00e9 dans notre pharmacie en comprim\u00e9s de 40 mg, 20 mg, 10 mg, 5 mg et 2,5 mg.<\/p>\n<p><!-- \/wp:paragraph --><!-- wp:heading {\"level\":3} --><\/p>\n<h3>Conseils en ligne pour acheter du Cialis<\/h3>\n<p><!-- \/wp:heading --><!-- wp:paragraph --><\/p>\n<p>Si vous souhaitez acheter du Cialis sans consulter un m\u00e9decin, vous pouvez vous rendre en ligne. Pour \u00eatre clair, le vrai Cialis est disponible uniquement sur ordonnance. Par cons\u00e9quent, faites attention aux points suivants lorsque vous achetez du Cialis en ligne :<\/p>\n<p><!-- \/wp:paragraph --><!-- wp:list --><\/p>\n<ul>\n<li>V\u00e9rifiez si la boutique en ligne o\u00f9 vous souhaitez acheter du Cialis ne propose pas de faux m\u00e9dicaments ;<\/li>\n<li>Achetez de pr\u00e9f\u00e9rence du Cialis dans une pharmacie reconnue en Europe ;<\/li>\n<li>Demandez d\u2019abord conseil \u00e0 un m\u00e9decin ;<\/li>\n<li>Ne r\u00e9pondez pas aux courriels qui vous proposent des m\u00e9dicaments non sollicit\u00e9s.<\/li>\n<\/ul>\n<p><!-- \/wp:list --><!-- wp:heading {\"level\":3} --><\/p>\n<h3>Tadalafil : une version g\u00e9n\u00e9rique moins ch\u00e8re du Cialis<\/h3>\n<p><!-- \/wp:heading --><!-- wp:paragraph --><\/p>\n<p>La plupart des gens ne le savent toujours pas, mais le brevet du Cialis a expir\u00e9 en 2017 et le m\u00e9dicament est \u00e9galement disponible sous forme de m\u00e9dicament g\u00e9n\u00e9rique. Cette version g\u00e9n\u00e9rique s&rsquo;appelle tadalafil et peut \u00e9galement \u00eatre command\u00e9e aupr\u00e8s de notre pharmacie. L&rsquo;avantage du Cialis g\u00e9n\u00e9rique r\u00e9side principalement dans le prix : le Cialis g\u00e9n\u00e9rique est dans certains cas jusqu&rsquo;\u00e0 60 % moins cher que l&rsquo;original. Original Cialis est produit exclusivement par Eli Lilly. Le tadalafil est produit par des dizaines d&rsquo;autres soci\u00e9t\u00e9s pharmaceutiques.<\/p>\n<p><!-- \/wp:paragraph --><\/p>\t\t\t\t\t\t<\/div>\n\t\t\t\t<\/div>\n\t\t\t\t\t<\/div>\n\t\t<\/div>\n\t\t\t\t\t<\/div>\n\t\t<\/section>\n\t\t\t\t<\/div>\n\t\t","protected":false},"excerpt":{"rendered":"<p>Acheter du Cialis G\u00e9n\u00e9rique sans ordonnance en ligne Cialis (tadalafil) traitement des troubles de l\u2019\u00e9rection Rapidit\u00e9 d\u2019action Environ 30-60 minutes Dur\u00e9e des effets jusqu&rsquo;\u00e0 36 heures<span class=\"excerpt-hellip\"> [\u2026]<\/span><\/p>\n","protected":false},"author":3,"featured_media":0,"parent":0,"menu_order":0,"comment_status":"closed","ping_status":"closed","template":"..\/public\/views\/revslider-page-template.php","meta":[],"_links":{"self":[{"href":"https:\/\/cnofrance.org\/wp-json\/wp\/v2\/pages\/2229"}],"collection":[{"href":"https:\/\/cnofrance.org\/wp-json\/wp\/v2\/pages"}],"about":[{"href":"https:\/\/cnofrance.org\/wp-json\/wp\/v2\/types\/page"}],"author":[{"embeddable":true,"href":"https:\/\/cnofrance.org\/wp-json\/wp\/v2\/users\/3"}],"replies":[{"embeddable":true,"href":"https:\/\/cnofrance.org\/wp-json\/wp\/v2\/comments?post=2229"}],"version-history":[{"count":30,"href":"https:\/\/cnofrance.org\/wp-json\/wp\/v2\/pages\/2229\/revisions"}],"predecessor-version":[{"id":2350,"href":"https:\/\/cnofrance.org\/wp-json\/wp\/v2\/pages\/2229\/revisions\/2350"}],"wp:attachment":[{"href":"https:\/\/cnofrance.org\/wp-json\/wp\/v2\/media?parent=2229"}],"curies":[{"name":"wp","href":"https:\/\/api.w.org\/{rel}","templated":true}]}}